{"id":229,"date":"2025-01-16T17:43:41","date_gmt":"2025-01-16T16:43:41","guid":{"rendered":"https:\/\/bankovenner.dk\/?page_id=229"},"modified":"2025-01-16T17:43:42","modified_gmt":"2025-01-16T16:43:42","slug":"regnskab","status":"publish","type":"page","link":"https:\/\/bankovenner.dk\/?page_id=229","title":{"rendered":"Regnskab"},"content":{"rendered":"\n<p>If\u00f8lge regler vedr\u00f8rende foreninger og deslige &#8211; skal vi have ajourf\u00f8rt vores regnskaber til offentligheden. <br><br>Grundet nyt regnskabs\u00e5r, kommer disse informationer s\u00e5 snart vi har f\u00e5et regnskabet tilbage fra SKAT og myndighederne.<\/p>\n","protected":false},"excerpt":{"rendered":"<p>If\u00f8lge regler vedr\u00f8rende foreninger og deslige &#8211; skal vi have ajourf\u00f8rt vores regnskaber til offentligheden. Grundet nyt regnskabs\u00e5r, kommer disse informationer s\u00e5 snart vi har f\u00e5et regnskabet tilbage fra SKAT og myndighederne.<\/p>\n","protected":false},"author":1,"featured_media":0,"parent":0,"menu_order":0,"comment_status":"closed","ping_status":"closed","template":"","meta":{"_monsterinsights_skip_tracking":false,"_monsterinsights_sitenote_active":false,"_monsterinsights_sitenote_note":"","_monsterinsights_sitenote_category":0,"footnotes":""},"class_list":["post-229","page","type-page","status-publish","hentry"],"yoast_head":"<!-- This site is optimized with the Yoast SEO plugin v24.2 - https:\/\/yoast.com\/wordpress\/plugins\/seo\/ -->\n<title>Regnskab - Bankovenner.dk<\/title>\n<meta name=\"robots\" content=\"index, follow, max-snippet:-1, max-image-preview:large, max-video-preview:-1\" \/>\n<link rel=\"canonical\" href=\"https:\/\/bankovenner.dk\/?page_id=229\" \/>\n<meta property=\"og:locale\" content=\"da_DK\" \/>\n<meta property=\"og:type\" content=\"article\" \/>\n<meta property=\"og:title\" content=\"Regnskab - Bankovenner.dk\" \/>\n<meta property=\"og:description\" content=\"If\u00f8lge regler vedr\u00f8rende foreninger og deslige &#8211; skal vi have ajourf\u00f8rt vores regnskaber til offentligheden. Grundet nyt regnskabs\u00e5r, kommer disse informationer s\u00e5 snart vi har f\u00e5et regnskabet tilbage fra SKAT og myndighederne.\" \/>\n<meta property=\"og:url\" content=\"https:\/\/bankovenner.dk\/?page_id=229\" \/>\n<meta property=\"og:site_name\" content=\"Bankovenner.dk\" \/>\n<meta property=\"article:modified_time\" content=\"2025-01-16T16:43:42+00:00\" \/>\n<meta name=\"twitter:card\" content=\"summary_large_image\" \/>\n<meta name=\"twitter:label1\" content=\"Estimeret l\u00e6setid\" \/>\n\t<meta name=\"twitter:data1\" content=\"1 minut\" \/>\n<script type=\"application\/ld+json\" class=\"yoast-schema-graph\">{\"@context\":\"https:\/\/schema.org\",\"@graph\":[{\"@type\":\"WebPage\",\"@id\":\"https:\/\/bankovenner.dk\/?page_id=229\",\"url\":\"https:\/\/bankovenner.dk\/?page_id=229\",\"name\":\"Regnskab - Bankovenner.dk\",\"isPartOf\":{\"@id\":\"https:\/\/bankovenner.dk\/#website\"},\"datePublished\":\"2025-01-16T16:43:41+00:00\",\"dateModified\":\"2025-01-16T16:43:42+00:00\",\"breadcrumb\":{\"@id\":\"https:\/\/bankovenner.dk\/?page_id=229#breadcrumb\"},\"inLanguage\":\"da-DK\",\"potentialAction\":[{\"@type\":\"ReadAction\",\"target\":[\"https:\/\/bankovenner.dk\/?page_id=229\"]}]},{\"@type\":\"BreadcrumbList\",\"@id\":\"https:\/\/bankovenner.dk\/?page_id=229#breadcrumb\",\"itemListElement\":[{\"@type\":\"ListItem\",\"position\":1,\"name\":\"Hjem\",\"item\":\"https:\/\/bankovenner.dk\/\"},{\"@type\":\"ListItem\",\"position\":2,\"name\":\"Regnskab\"}]},{\"@type\":\"WebSite\",\"@id\":\"https:\/\/bankovenner.dk\/#website\",\"url\":\"https:\/\/bankovenner.dk\/\",\"name\":\"Bankovenner.dk\",\"description\":\"Odense&#039;s bedste bankosted!\",\"potentialAction\":[{\"@type\":\"SearchAction\",\"target\":{\"@type\":\"EntryPoint\",\"urlTemplate\":\"https:\/\/bankovenner.dk\/?s={search_term_string}\"},\"query-input\":{\"@type\":\"PropertyValueSpecification\",\"valueRequired\":true,\"valueName\":\"search_term_string\"}}],\"inLanguage\":\"da-DK\"}]}<\/script>\n<!-- \/ Yoast SEO plugin. -->","yoast_head_json":{"title":"Regnskab - Bankovenner.dk","robots":{"index":"index","follow":"follow","max-snippet":"max-snippet:-1","max-image-preview":"max-image-preview:large","max-video-preview":"max-video-preview:-1"},"canonical":"https:\/\/bankovenner.dk\/?page_id=229","og_locale":"da_DK","og_type":"article","og_title":"Regnskab - Bankovenner.dk","og_description":"If\u00f8lge regler vedr\u00f8rende foreninger og deslige &#8211; skal vi have ajourf\u00f8rt vores regnskaber til offentligheden. Grundet nyt regnskabs\u00e5r, kommer disse informationer s\u00e5 snart vi har f\u00e5et regnskabet tilbage fra SKAT og myndighederne.","og_url":"https:\/\/bankovenner.dk\/?page_id=229","og_site_name":"Bankovenner.dk","article_modified_time":"2025-01-16T16:43:42+00:00","twitter_card":"summary_large_image","twitter_misc":{"Estimeret l\u00e6setid":"1 minut"},"schema":{"@context":"https:\/\/schema.org","@graph":[{"@type":"WebPage","@id":"https:\/\/bankovenner.dk\/?page_id=229","url":"https:\/\/bankovenner.dk\/?page_id=229","name":"Regnskab - Bankovenner.dk","isPartOf":{"@id":"https:\/\/bankovenner.dk\/#website"},"datePublished":"2025-01-16T16:43:41+00:00","dateModified":"2025-01-16T16:43:42+00:00","breadcrumb":{"@id":"https:\/\/bankovenner.dk\/?page_id=229#breadcrumb"},"inLanguage":"da-DK","potentialAction":[{"@type":"ReadAction","target":["https:\/\/bankovenner.dk\/?page_id=229"]}]},{"@type":"BreadcrumbList","@id":"https:\/\/bankovenner.dk\/?page_id=229#breadcrumb","itemListElement":[{"@type":"ListItem","position":1,"name":"Hjem","item":"https:\/\/bankovenner.dk\/"},{"@type":"ListItem","position":2,"name":"Regnskab"}]},{"@type":"WebSite","@id":"https:\/\/bankovenner.dk\/#website","url":"https:\/\/bankovenner.dk\/","name":"Bankovenner.dk","description":"Odense&#039;s bedste bankosted!","potentialAction":[{"@type":"SearchAction","target":{"@type":"EntryPoint","urlTemplate":"https:\/\/bankovenner.dk\/?s={search_term_string}"},"query-input":{"@type":"PropertyValueSpecification","valueRequired":true,"valueName":"search_term_string"}}],"inLanguage":"da-DK"}]}},"jetpack_sharing_enabled":true,"_links":{"self":[{"href":"https:\/\/bankovenner.dk\/index.php?rest_route=\/wp\/v2\/pages\/229","targetHints":{"allow":["GET"]}}],"collection":[{"href":"https:\/\/bankovenner.dk\/index.php?rest_route=\/wp\/v2\/pages"}],"about":[{"href":"https:\/\/bankovenner.dk\/index.php?rest_route=\/wp\/v2\/types\/page"}],"author":[{"embeddable":true,"href":"https:\/\/bankovenner.dk\/index.php?rest_route=\/wp\/v2\/users\/1"}],"replies":[{"embeddable":true,"href":"https:\/\/bankovenner.dk\/index.php?rest_route=%2Fwp%2Fv2%2Fcomments&post=229"}],"version-history":[{"count":1,"href":"https:\/\/bankovenner.dk\/index.php?rest_route=\/wp\/v2\/pages\/229\/revisions"}],"predecessor-version":[{"id":230,"href":"https:\/\/bankovenner.dk\/index.php?rest_route=\/wp\/v2\/pages\/229\/revisions\/230"}],"wp:attachment":[{"href":"https:\/\/bankovenner.dk\/index.php?rest_route=%2Fwp%2Fv2%2Fmedia&parent=229"}],"curies":[{"name":"wp","href":"https:\/\/api.w.org\/{rel}","templated":true}]}}